{"id":140,"date":"2016-03-16T13:11:26","date_gmt":"2016-03-16T11:11:26","guid":{"rendered":"http:\/\/revolvia.local\/?page_id=140"},"modified":"2022-04-22T01:39:09","modified_gmt":"2022-04-21T22:39:09","slug":"iletisim","status":"publish","type":"page","link":"https:\/\/www.revolvia.com\/en\/iletisim\/","title":{"rendered":"\u0130leti\u015fim"},"content":{"rendered":"\n<p>1500 ya\u015f\u0131nda bir \u0130stanbullu var\u2026<\/p>\n<p>Kentin t\u00fcm \u00e7a\u011flar\u0131ndan g\u00fcn\u00fcm\u00fcze ta\u015f\u0131d\u0131klar\u0131yla,<br \/>cazibesi bizi de yakalad\u0131\u2026<\/p>\n<p>Galata Kulesi\u2019nin hemen yan\u0131ndaki ofisimizde,<br \/>sabahlar, bir fincan kahve ile ba\u015fl\u0131yor\u2026<\/p>\n<p>Bir Revolvia sabah\u0131nda, sizi de kahveye bekleriz\u2026<\/p>\n","protected":false},"excerpt":{"rendered":"<p>1500 ya\u015f\u0131nda bir \u0130stanbullu var\u2026 Kentin t\u00fcm \u00e7a\u011flar\u0131ndan g\u00fcn\u00fcm\u00fcze ta\u015f\u0131d\u0131klar\u0131yla,cazibesi bizi de yakalad\u0131\u2026 Galata Kulesi\u2019nin [&hellip;]<\/p>\n","protected":false},"author":3,"featured_media":0,"parent":0,"menu_order":0,"comment_status":"closed","ping_status":"closed","template":"page-iletisim.php","meta":{"_acf_changed":false,"footnotes":""},"class_list":["post-140","page","type-page","status-publish","hentry"],"translation":{"provider":"WPGlobus","version":"3.0.0","language":"en","enabled_languages":["tr","en"],"languages":{"tr":{"title":true,"content":true,"excerpt":false},"en":{"title":false,"content":true,"excerpt":false}}},"acf":[],"_links":{"self":[{"href":"https:\/\/www.revolvia.com\/en\/wp-json\/wp\/v2\/pages\/140","targetHints":{"allow":["GET"]}}],"collection":[{"href":"https:\/\/www.revolvia.com\/en\/wp-json\/wp\/v2\/pages"}],"about":[{"href":"https:\/\/www.revolvia.com\/en\/wp-json\/wp\/v2\/types\/page"}],"author":[{"embeddable":true,"href":"https:\/\/www.revolvia.com\/en\/wp-json\/wp\/v2\/users\/3"}],"replies":[{"embeddable":true,"href":"https:\/\/www.revolvia.com\/en\/wp-json\/wp\/v2\/comments?post=140"}],"version-history":[{"count":0,"href":"https:\/\/www.revolvia.com\/en\/wp-json\/wp\/v2\/pages\/140\/revisions"}],"wp:attachment":[{"href":"https:\/\/www.revolvia.com\/en\/wp-json\/wp\/v2\/media?parent=140"}],"curies":[{"name":"wp","href":"https:\/\/api.w.org\/{rel}","templated":true}]}}