{"id":26396,"date":"2019-07-07T22:33:38","date_gmt":"2019-07-07T19:33:38","guid":{"rendered":"http:\/\/www.revolvia.com\/?page_id=26396"},"modified":"2019-07-07T22:34:08","modified_gmt":"2019-07-07T19:34:08","slug":"is-ilanlari","status":"publish","type":"page","link":"https:\/\/www.revolvia.com\/en\/is-ilanlari\/","title":{"rendered":"\u0130\u015f \u0130lanlar\u0131"},"content":{"rendered":"","protected":false},"excerpt":{"rendered":"","protected":false},"author":3,"featured_media":0,"parent":0,"menu_order":0,"comment_status":"closed","ping_status":"closed","template":"page-jobposts.php","meta":{"_acf_changed":false,"footnotes":""},"class_list":["post-26396","page","type-page","status-publish","hentry"],"translation":{"provider":"WPGlobus","version":"3.0.0","language":"en","enabled_languages":["tr","en"],"languages":{"tr":{"title":true,"content":false,"excerpt":false},"en":{"title":false,"content":false,"excerpt":false}}},"acf":[],"_links":{"self":[{"href":"https:\/\/www.revolvia.com\/en\/wp-json\/wp\/v2\/pages\/26396","targetHints":{"allow":["GET"]}}],"collection":[{"href":"https:\/\/www.revolvia.com\/en\/wp-json\/wp\/v2\/pages"}],"about":[{"href":"https:\/\/www.revolvia.com\/en\/wp-json\/wp\/v2\/types\/page"}],"author":[{"embeddable":true,"href":"https:\/\/www.revolvia.com\/en\/wp-json\/wp\/v2\/users\/3"}],"replies":[{"embeddable":true,"href":"https:\/\/www.revolvia.com\/en\/wp-json\/wp\/v2\/comments?post=26396"}],"version-history":[{"count":0,"href":"https:\/\/www.revolvia.com\/en\/wp-json\/wp\/v2\/pages\/26396\/revisions"}],"wp:attachment":[{"href":"https:\/\/www.revolvia.com\/en\/wp-json\/wp\/v2\/media?parent=26396"}],"curies":[{"name":"wp","href":"https:\/\/api.w.org\/{rel}","templated":true}]}}